{"id":9866,"date":"2021-11-18T19:03:11","date_gmt":"2021-11-18T12:03:11","guid":{"rendered":"https:\/\/straykids.store\/?page_id=9866"},"modified":"2021-11-18T19:03:11","modified_gmt":"2021-11-18T12:03:11","slug":"shipping-delivery-policies","status":"publish","type":"page","link":"https:\/\/straykids.store\/vi\/van-chuyen-giao-hang-chinh-sach\/","title":{"rendered":"Ch\u00ednh s\u00e1ch V\u1eadn chuy\u1ec3n &amp; Giao h\u00e0ng"},"content":{"rendered":"<p><img fetchpriority=\"high\" decoding=\"async\" class=\"wp-image-25249 aligncenter\" src=\"http:\/\/straykids.store\/wp-content\/uploads\/2021\/11\/Our-Partners-1.jpg\" alt=\"-\" width=\"609\" height=\"203\" title=\"-\"><\/p>\n<p><img decoding=\"async\" class=\"aligncenter wp-image-25246\" src=\"http:\/\/straykids.store\/wp-content\/uploads\/2021\/11\/Our-Partners.jpg\" alt=\"-\" width=\"609\" height=\"203\" title=\"-\"><\/p>\n<p><span style=\"font-weight: 400;\">V\u00ec v\u1eady, b\u1ea1n \u0111\u00e3 \u0111\u1eb7t h\u00e0ng h\u00e0ng h\u00f3a fandom t\u1eeb <strong>C\u1eecA H\u00c0NG TR\u1eba EM STRAY<\/strong><\/span><b>.<\/b><span style=\"font-weight: 400;\"> Ch\u00fac m\u1eebng! M\u1ed9t g\u00f3i si\u00eau tuy\u1ec7t v\u1eddi hi\u1ec7n \u0111ang \u0111\u1ebfn v\u1edbi b\u1ea1n!<\/span><\/p>\n<p><span style=\"font-weight: 400;\">Nh\u1edd m\u1ed1i quan h\u1ec7 h\u1ee3p t\u00e1c \u0111\u00e1ng kinh ng\u1ea1c c\u1ee7a ch\u00fang t\u00f4i v\u1edbi nh\u1eefng ng\u01b0\u1eddi m\u00e1y ngo\u00e0i h\u00e0nh tinh si\u00eau th\u00f4ng minh, c\u00e1c \u0111\u1ed1i t\u00e1c chuy\u1ec3n ph\u00e1t nhanh c\u1ee7a ch\u00fang t\u00f4i, c\u00e1c t\u00f9y ch\u1ecdn v\u1eadn chuy\u1ec3n c\u1ee7a ch\u00fang t\u00f4i \u0111\u01b0\u1ee3c \u0111\u1ea3m b\u1ea3o c\u00f3 gi\u00e1 c\u1ea3 ph\u1ea3i ch\u0103ng cho b\u1ea1n.<\/span><\/p>\n<p><span style=\"font-weight: 400;\">B\u1ea1n \u0111ang \u1edf \u0111\u00e2u c\u0169ng kh\u00f4ng quan tr\u1ecdng: ch\u00fang t\u00f4i v\u1eadn chuy\u1ec3n <\/span><b>to\u00e0n c\u1ea7u<\/b><span style=\"font-weight: 400;\">, v\u00ec v\u1eady b\u1ea1n c\u00f3 th\u1ec3 th\u01b0\u1edfng th\u1ee9c c\u00e1c s\u1ea3n ph\u1ea9m \u0111\u1ed9c quy\u1ec1n c\u1ee7a ch\u00fang t\u00f4i <\/span><i><span style=\"font-weight: 400;\">b\u1ea5t c\u1ee9 n\u01a1i n\u00e0o<\/span><\/i><span style=\"font-weight: 400;\"> b\u1ea1n \u0111ang \u1edf trong th\u1ebf gi\u1edbi (t\u1ea5t nhi\u00ean, tr\u1eeb khi b\u1ea1n s\u1ed1ng \u1edf m\u1ed9t chi\u1ec1u kh\u00f4ng gian kh\u00e1c ho\u1eb7c trong m\u1ed9t tr\u01b0\u1eddng h\u1ecdc ph\u00e9p thu\u1eadt kh\u00f4ng \u0111\u01b0\u1ee3c \u0111\u1eb7t t\u00ean).<\/span><\/p>\n<p><strong>TH\u1edcI GIAN X\u1eec L\u00dd<\/strong><\/p>\n<p><span style=\"font-weight: 400;\">Ch\u00fang t\u00f4i l\u00e0 m\u1ed9t c\u00f4ng ty in theo y\u00eau c\u1ea7u, v\u00ec v\u1eady vui l\u00f2ng cho ph\u00e9p <\/span><b>Th\u1eddi gian x\u1eed l\u00fd t\u1eeb 3 \u0111\u1ebfn 5 ng\u00e0y l\u00e0m vi\u1ec7c <\/b><span style=\"font-weight: 400;\">t\u00f9y thu\u1ed9c v\u00e0o lo\u1ea1i s\u1ea3n ph\u1ea9m v\u00e0 kh\u1ed1i l\u01b0\u1ee3ng hi\u1ec7n t\u1ea1i c\u1ee7a ch\u00fang t\u00f4i tr\u01b0\u1edbc khi \u0111\u01a1n h\u00e0ng c\u1ee7a b\u1ea1n \u0111\u01b0\u1ee3c giao. Ph\u1ea3i m\u1ea5t th\u1eddi gian \u0111\u1ec3 nh\u1eefng con c\u1eebu microfiber-polyester len l\u1ecfi v\u00e0o ch\u00fang t\u00f4i \u0111\u1ec3 t\u1ea1o ra nh\u1eefng s\u1ea3n ph\u1ea9m t\u00f9y ch\u1ec9nh tuy\u1ec7t v\u1eddi ph\u00f9 h\u1ee3p v\u1edbi b\u1ea1n T.<\/span><\/p>\n<p><span style=\"font-weight: 400;\">C\u00e1c \u0111\u01a1n h\u00e0ng \u0111\u1eb7t trong ng\u00e0y l\u1ec5 v\u00e0 cu\u1ed1i tu\u1ea7n s\u1ebd \u0111\u01b0\u1ee3c x\u1eed l\u00fd trong nh\u1eefng ng\u00e0y l\u00e0m vi\u1ec7c ti\u1ebfp theo.<\/span><\/p>\n<p><span style=\"font-weight: 400;\">Xin l\u01b0u \u00fd r\u1eb1ng vi\u1ec7c giao c\u00e1c \u0111\u01a1n h\u00e0ng c\u00f3 nhi\u1ec1u h\u01a1n m\u1ed9t m\u1eb7t h\u00e0ng c\u00f3 th\u1ec3 \u0111\u01b0\u1ee3c giao v\u00e0o c\u00e1c ng\u00e0y kh\u00e1c nhau t\u00f9y theo t\u00ecnh tr\u1ea1ng c\u00f2n h\u00e0ng.<\/span><\/p>\n<p><strong>TI\u00caU CHU\u1ea8N V\u1eacN CHUY\u1ec2N<\/strong><\/p>\n<p><span style=\"font-weight: 400;\">Th\u1eddi gian v\u1eadn chuy\u1ec3n cho \u0111\u01a1n h\u00e0ng:<\/span><\/p>\n<ul>\n<li style=\"font-weight: 400;\" aria-level=\"1\"><span style=\"font-weight: 400;\">Th\u00f4ng th\u01b0\u1eddng, ph\u1ea3i m\u1ea5t 5-15 ng\u00e0y l\u00e0m vi\u1ec7c \u0111\u1ec3 cung c\u1ea5p g\u00f3i h\u00e0ng \u0111\u1ebfn M\u1ef9.<\/span><\/li>\n<li style=\"font-weight: 400;\" aria-level=\"1\"><span style=\"font-weight: 400;\">\u0110\u1ed1i v\u1edbi kh\u00e1ch h\u00e0ng c\u1ee7a c\u00e1c n\u01b0\u1edbc kh\u00e1c, xin vui l\u00f2ng cho ph\u00e9p 15-20 ng\u00e0y l\u00e0m vi\u1ec7c th\u1eddi gian v\u1eadn chuy\u1ec3n.<\/span><\/li>\n<li style=\"font-weight: 400;\" aria-level=\"1\"><span style=\"font-weight: 400;\">Do \u0111\u1ea1i d\u1ecbch Covid 19, th\u1eddi gian v\u1eadn chuy\u1ec3n c\u00f3 th\u1ec3 m\u1ea5t th\u00eam v\u00e0i ng\u00e0y<\/span><\/li>\n<\/ul>\n<p><span style=\"font-weight: 400;\">** C\u0169ng l\u01b0u \u00fd r\u1eb1ng trong nh\u1eefng ng\u00e0y ngh\u1ec9 T\u1ebft Nguy\u00ean \u0110\u00e1n, th\u1eddi gian v\u1eadn chuy\u1ec3n d\u1ef1 ki\u1ebfn s\u1ebd b\u1ecb ch\u1eadm l\u1ea1i t\u1eeb 5 - 7 ng\u00e0y l\u00e0m vi\u1ec7c. Ch\u00fang t\u00f4i xin l\u1ed7i v\u00ec s\u1ef1 b\u1ea5t ti\u1ec7n n\u00e0y c\u00f3 th\u1ec3 g\u00e2y ra.**<\/span><\/p>\n<p><span style=\"font-weight: 400;\">CH\u00daNG T\u00d4I CUNG C\u1ea4P C\u00c1C T\u00d9Y CH\u1eccN EXPEDITE CHO KH\u00c1CH H\u00c0NG. CH\u1ec8 C\u1ea6N \u0110\u1ebeN V\u1edaI NH\u00c2N VI\u00caN H\u1ed6 TR\u1ee2 C\u1ee6A CH\u00daNG T\u00d4I QUA EMAIL: <\/span><a href=\"mailto:straykids.store@merchmailservice.com\"><span style=\"font-weight: 400;\">straykids.store@merchmailservice.com<\/span><\/a><\/p>\n<p><span style=\"font-weight: 400;\">V\u00c0 CH\u00daNG T\u00d4I S\u1ebc H\u01af\u1edaNG D\u1eaaN B\u1ea0N THEO D\u00d5I. <\/span><\/p>","protected":false},"excerpt":{"rendered":"<p>So you ordered fandom merch from STRAY KIDS STORE. Congrats! A super-awesome package is now on its way to you! Thanks to our incredible partnerships with super-intelligent alien androids our courier partners, our shipping options are guaranteed to be affordable to you. Doesn\u2019t matter where you are either: we ship globally, so you can enjoy [&hellip;]<\/p>","protected":false},"author":1,"featured_media":0,"parent":0,"menu_order":0,"comment_status":"closed","ping_status":"closed","template":"","meta":{"_acf_changed":false,"footnotes":""},"class_list":null,"acf":[],"_links":{"self":[{"href":"https:\/\/straykids.store\/vi\/wp-json\/wp\/v2\/pages\/9866","targetHints":{"allow":["GET"]}}],"collection":[{"href":"https:\/\/straykids.store\/vi\/wp-json\/wp\/v2\/pages"}],"about":[{"href":"https:\/\/straykids.store\/vi\/wp-json\/wp\/v2\/types\/page"}],"author":[{"embeddable":true,"href":"https:\/\/straykids.store\/vi\/wp-json\/wp\/v2\/users\/1"}],"replies":[{"embeddable":true,"href":"https:\/\/straykids.store\/vi\/wp-json\/wp\/v2\/comments?post=9866"}],"version-history":[{"count":0,"href":"https:\/\/straykids.store\/vi\/wp-json\/wp\/v2\/pages\/9866\/revisions"}],"wp:attachment":[{"href":"https:\/\/straykids.store\/vi\/wp-json\/wp\/v2\/media?parent=9866"}],"curies":[{"name":"wp","href":"https:\/\/api.w.org\/{rel}","templated":true}]}}