{"id":1132,"date":"2018-07-07T11:27:10","date_gmt":"2018-07-07T11:27:10","guid":{"rendered":"http:\/\/shoptimizer.local\/?page_id=779"},"modified":"2021-11-17T17:20:44","modified_gmt":"2021-11-17T10:20:44","slug":"contact-us","status":"publish","type":"page","link":"https:\/\/straykids.store\/vi\/lien-he-chung-toi\/","title":{"rendered":"Li\u00ean h\u1ec7 ch\u00fang t\u00f4i"},"content":{"rendered":"<div data-elementor-type=\"wp-post\" data-elementor-id=\"1132\" class=\"elementor elementor-1132\" data-elementor-post-type=\"page\">\n\t\t\t\t\t\t<section class=\"elementor-section elementor-top-section elementor-element elementor-element-3fdebd4 elementor-section-content-top elementor-section-boxed elementor-section-height-default elementor-section-height-default\" data-id=\"3fdebd4\" data-element_type=\"section\">\n\t\t\t\t\t\t<div class=\"elementor-container elementor-column-gap-wider\">\n\t\t\t\t\t<div class=\"elementor-column elementor-col-50 elementor-top-column elementor-element elementor-element-b276ccd\" data-id=\"b276ccd\" data-element_type=\"column\">\n\t\t\t<div class=\"elementor-widget-wrap elementor-element-populated\">\n\t\t\t\t\t\t<div class=\"elementor-element elementor-element-bd3b51e elementor-widget elementor-widget-heading\" data-id=\"bd3b51e\" data-element_type=\"widget\" data-widget_type=\"heading.default\">\n\t\t\t\t<div class=\"elementor-widget-container\">\n\t\t\t\t\t<h6 class=\"elementor-heading-title elementor-size-default\">C\u00e1c truy v\u1ea5n ph\u1ed5 bi\u1ebfn \u0111\u00e3 \u0111\u01b0\u1ee3c tr\u1ea3 l\u1eddi<\/h6>\t\t\t\t<\/div>\n\t\t\t\t<\/div>\n\t\t\t\t<div class=\"elementor-element elementor-element-ca20b00 elementor-widget elementor-widget-heading\" data-id=\"ca20b00\" data-element_type=\"widget\" data-widget_type=\"heading.default\">\n\t\t\t\t<div class=\"elementor-widget-container\">\n\t\t\t\t\t<h2 class=\"elementor-heading-title elementor-size-default\">C\u00e1c c\u00e2u h\u1ecfi th\u01b0\u1eddng g\u1eb7p<\/h2>\t\t\t\t<\/div>\n\t\t\t\t<\/div>\n\t\t\t\t<div class=\"elementor-element elementor-element-8d97d7f elementor-widget elementor-widget-accordion\" data-id=\"8d97d7f\" data-element_type=\"widget\" data-widget_type=\"accordion.default\">\n\t\t\t\t<div class=\"elementor-widget-container\">\n\t\t\t\t\t\t\t<div class=\"elementor-accordion\">\n\t\t\t\t\t\t\t<div class=\"elementor-accordion-item\">\n\t\t\t\t\t<div id=\"elementor-tab-title-1481\" class=\"elementor-tab-title\" data-tab=\"1\" role=\"button\" aria-controls=\"elementor-tab-content-1481\" aria-expanded=\"false\">\n\t\t\t\t\t\t\t\t\t\t\t\t\t<span class=\"elementor-accordion-icon elementor-accordion-icon-right\" aria-hidden=\"true\">\n\t\t\t\t\t\t\t\t\t\t\t\t\t\t\t<span class=\"elementor-accordion-icon-closed\"><i class=\"fas fa-angle-down\"><\/i><\/span>\n\t\t\t\t\t\t\t\t<span class=\"elementor-accordion-icon-opened\"><i class=\"fas fa-angle-up\"><\/i><\/span>\n\t\t\t\t\t\t\t\t\t\t\t\t\t\t<\/span>\n\t\t\t\t\t\t\t\t\t\t\t\t<a class=\"elementor-accordion-title\" tabindex=\"0\">M\u1ea5t bao l\u00e2u \u0111\u1ec3 t\u00f4i nh\u1eadn \u0111\u01b0\u1ee3c \u0111\u01a1n h\u00e0ng c\u1ee7a m\u00ecnh?<\/a>\n\t\t\t\t\t<\/div>\n\t\t\t\t\t<div id=\"elementor-tab-content-1481\" class=\"elementor-tab-content elementor-clearfix\" data-tab=\"1\" role=\"region\" aria-labelledby=\"elementor-tab-title-1481\"><p>TH\u1edcI GIAN X\u1eec L\u00dd<\/p><p>Ch\u00fang t\u00f4i l\u00e0 c\u00f4ng ty in theo y\u00eau c\u1ea7u, v\u00ec v\u1eady vui l\u00f2ng ch\u1edd th\u1eddi gian x\u1eed l\u00fd t\u1eeb 3 \u0111\u1ebfn 5 ng\u00e0y l\u00e0m vi\u1ec7c t\u00f9y thu\u1ed9c v\u00e0o lo\u1ea1i s\u1ea3n ph\u1ea9m v\u00e0 s\u1ed1 l\u01b0\u1ee3ng hi\u1ec7n t\u1ea1i c\u1ee7a ch\u00fang t\u00f4i tr\u01b0\u1edbc khi \u0111\u01a1n h\u00e0ng c\u1ee7a b\u1ea1n \u0111\u01b0\u1ee3c giao. Ph\u1ea3i m\u1ea5t th\u1eddi gian \u0111\u1ec3 nh\u1eefng con c\u1eebu microfiber-polyester len l\u1ecfi v\u00e0o ch\u00fang t\u00f4i \u0111\u1ec3 t\u1ea1o ra nh\u1eefng s\u1ea3n ph\u1ea9m t\u00f9y ch\u1ec9nh tuy\u1ec7t v\u1eddi ph\u00f9 h\u1ee3p v\u1edbi b\u1ea1n T.<\/p><p>C\u00e1c \u0111\u01a1n h\u00e0ng \u0111\u1eb7t trong ng\u00e0y l\u1ec5 v\u00e0 cu\u1ed1i tu\u1ea7n s\u1ebd \u0111\u01b0\u1ee3c x\u1eed l\u00fd trong nh\u1eefng ng\u00e0y l\u00e0m vi\u1ec7c ti\u1ebfp theo.<\/p><p>Xin l\u01b0u \u00fd r\u1eb1ng vi\u1ec7c giao c\u00e1c \u0111\u01a1n h\u00e0ng c\u00f3 nhi\u1ec1u h\u01a1n m\u1ed9t m\u1eb7t h\u00e0ng c\u00f3 th\u1ec3 \u0111\u01b0\u1ee3c giao v\u00e0o c\u00e1c ng\u00e0y kh\u00e1c nhau t\u00f9y theo t\u00ecnh tr\u1ea1ng c\u00f2n h\u00e0ng.<\/p><p>TI\u00caU CHU\u1ea8N V\u1eacN CHUY\u1ec2N<\/p><p>Th\u1eddi gian v\u1eadn chuy\u1ec3n cho \u0111\u01a1n h\u00e0ng:<\/p><p>Th\u00f4ng th\u01b0\u1eddng, ph\u1ea3i m\u1ea5t 5-15 ng\u00e0y l\u00e0m vi\u1ec7c \u0111\u1ec3 cung c\u1ea5p g\u00f3i h\u00e0ng \u0111\u1ebfn M\u1ef9.<br \/>\u0110\u1ed1i v\u1edbi kh\u00e1ch h\u00e0ng c\u1ee7a c\u00e1c n\u01b0\u1edbc kh\u00e1c, xin vui l\u00f2ng cho ph\u00e9p 15-20 ng\u00e0y l\u00e0m vi\u1ec7c th\u1eddi gian v\u1eadn chuy\u1ec3n.<br \/>Do \u0111\u1ea1i d\u1ecbch Covid 19, th\u1eddi gian v\u1eadn chuy\u1ec3n c\u00f3 th\u1ec3 m\u1ea5t th\u00eam v\u00e0i ng\u00e0y<br \/>** C\u0169ng l\u01b0u \u00fd r\u1eb1ng trong nh\u1eefng ng\u00e0y ngh\u1ec9 T\u1ebft Nguy\u00ean \u0110\u00e1n, th\u1eddi gian v\u1eadn chuy\u1ec3n d\u1ef1 ki\u1ebfn s\u1ebd b\u1ecb ch\u1eadm l\u1ea1i t\u1eeb 5 - 7 ng\u00e0y l\u00e0m vi\u1ec7c. Ch\u00fang t\u00f4i xin l\u1ed7i v\u00ec s\u1ef1 b\u1ea5t ti\u1ec7n n\u00e0y c\u00f3 th\u1ec3 g\u00e2y ra.**<\/p><\/div>\n\t\t\t\t<\/div>\n\t\t\t\t\t\t\t<div class=\"elementor-accordion-item\">\n\t\t\t\t\t<div id=\"elementor-tab-title-1482\" class=\"elementor-tab-title\" data-tab=\"2\" role=\"button\" aria-controls=\"elementor-tab-content-1482\" aria-expanded=\"false\">\n\t\t\t\t\t\t\t\t\t\t\t\t\t<span class=\"elementor-accordion-icon elementor-accordion-icon-right\" aria-hidden=\"true\">\n\t\t\t\t\t\t\t\t\t\t\t\t\t\t\t<span class=\"elementor-accordion-icon-closed\"><i class=\"fas fa-angle-down\"><\/i><\/span>\n\t\t\t\t\t\t\t\t<span class=\"elementor-accordion-icon-opened\"><i class=\"fas fa-angle-up\"><\/i><\/span>\n\t\t\t\t\t\t\t\t\t\t\t\t\t\t<\/span>\n\t\t\t\t\t\t\t\t\t\t\t\t<a class=\"elementor-accordion-title\" tabindex=\"0\">Ch\u00ednh s\u00e1ch ho\u00e0n tr\u1ea3 v\u00e0 \u0111\u1ed5i h\u00e0ng c\u1ee7a b\u1ea1n l\u00e0 g\u00ec?<\/a>\n\t\t\t\t\t<\/div>\n\t\t\t\t\t<div id=\"elementor-tab-content-1482\" class=\"elementor-tab-content elementor-clearfix\" data-tab=\"2\" role=\"region\" aria-labelledby=\"elementor-tab-title-1482\"><p>Do ph\u01b0\u01a1ng ph\u00e1p s\u1ea3n xu\u1ea5t m\u00e0 ch\u00fang t\u00f4i s\u1eed d\u1ee5ng cho t\u1ea5t c\u1ea3 c\u00e1c s\u1ea3n ph\u1ea9m c\u1ee7a m\u00ecnh, ch\u00fang t\u00f4i kh\u00f4ng th\u1ec3 ch\u1ea5p nh\u1eadn tr\u1ea3 h\u00e0ng tr\u1eeb khi h\u00e0ng \u0111\u01b0\u1ee3c ch\u1ee9ng minh l\u00e0 b\u1ecb h\u01b0 h\u1ecfng \/ l\u1ed7i.<\/p><p>Ch\u00ednh s\u00e1ch c\u1ee7a ch\u00fang t\u00f4i k\u00e9o d\u00e0i 7 ng\u00e0y. R\u1ea5t ti\u1ebfc, n\u1ebfu \u0111\u00e3 7 ng\u00e0y k\u1ec3 t\u1eeb khi b\u1ea1n nh\u1eadn \u0111\u01b0\u1ee3c \u0111\u01a1n mua h\u00e0ng c\u1ee7a m\u00ecnh, ch\u00fang t\u00f4i kh\u00f4ng th\u1ec3 ho\u00e0n l\u1ea1i ti\u1ec1n ho\u1eb7c trao \u0111\u1ed5i.<\/p><p>\u0110\u1ec3 \u0111\u1ee7 \u0111i\u1ec1u ki\u1ec7n \u0111\u1ed5i tr\u1ea3, m\u1eb7t h\u00e0ng c\u1ee7a b\u1ea1n ph\u1ea3i ch\u01b0a qua s\u1eed d\u1ee5ng v\u00e0 trong t\u00ecnh tr\u1ea1ng t\u01b0\u01a1ng t\u1ef1 nh\u01b0 b\u1ea1n \u0111\u00e3 nh\u1eadn \u0111\u01b0\u1ee3c. N\u00f3 c\u0169ng ph\u1ea3i \u1edf trong bao b\u00ec g\u1ed1c.<\/p><\/div>\n\t\t\t\t<\/div>\n\t\t\t\t\t\t\t<div class=\"elementor-accordion-item\">\n\t\t\t\t\t<div id=\"elementor-tab-title-1483\" class=\"elementor-tab-title\" data-tab=\"3\" role=\"button\" aria-controls=\"elementor-tab-content-1483\" aria-expanded=\"false\">\n\t\t\t\t\t\t\t\t\t\t\t\t\t<span class=\"elementor-accordion-icon elementor-accordion-icon-right\" aria-hidden=\"true\">\n\t\t\t\t\t\t\t\t\t\t\t\t\t\t\t<span class=\"elementor-accordion-icon-closed\"><i class=\"fas fa-angle-down\"><\/i><\/span>\n\t\t\t\t\t\t\t\t<span class=\"elementor-accordion-icon-opened\"><i class=\"fas fa-angle-up\"><\/i><\/span>\n\t\t\t\t\t\t\t\t\t\t\t\t\t\t<\/span>\n\t\t\t\t\t\t\t\t\t\t\t\t<a class=\"elementor-accordion-title\" tabindex=\"0\">L\u00e0m c\u00e1ch n\u00e0o \u0111\u1ec3 theo d\u00f5i tr\u1ea1ng th\u00e1i \u0111\u01a1n h\u00e0ng c\u1ee7a t\u00f4i?<\/a>\n\t\t\t\t\t<\/div>\n\t\t\t\t\t<div id=\"elementor-tab-content-1483\" class=\"elementor-tab-content elementor-clearfix\" data-tab=\"3\" role=\"region\" aria-labelledby=\"elementor-tab-title-1483\"><p>Ngay sau khi \u0111\u01a1n \u0111\u1eb7t h\u00e0ng c\u1ee7a b\u1ea1n \u0111\u01b0\u1ee3c chuy\u1ec3n \u0111i, b\u1ea1n s\u1ebd nh\u1eadn \u0111\u01b0\u1ee3c m\u1ed9t email x\u00e1c nh\u1eadn v\u1edbi s\u1ed1 theo d\u00f5i c\u1ee7a b\u1ea1n.<\/p><\/div>\n\t\t\t\t<\/div>\n\t\t\t\t\t\t\t<div class=\"elementor-accordion-item\">\n\t\t\t\t\t<div id=\"elementor-tab-title-1484\" class=\"elementor-tab-title\" data-tab=\"4\" role=\"button\" aria-controls=\"elementor-tab-content-1484\" aria-expanded=\"false\">\n\t\t\t\t\t\t\t\t\t\t\t\t\t<span class=\"elementor-accordion-icon elementor-accordion-icon-right\" aria-hidden=\"true\">\n\t\t\t\t\t\t\t\t\t\t\t\t\t\t\t<span class=\"elementor-accordion-icon-closed\"><i class=\"fas fa-angle-down\"><\/i><\/span>\n\t\t\t\t\t\t\t\t<span class=\"elementor-accordion-icon-opened\"><i class=\"fas fa-angle-up\"><\/i><\/span>\n\t\t\t\t\t\t\t\t\t\t\t\t\t\t<\/span>\n\t\t\t\t\t\t\t\t\t\t\t\t<a class=\"elementor-accordion-title\" tabindex=\"0\">L\u00e0m c\u00e1ch n\u00e0o \u0111\u1ec3 nh\u1eadn \u0111\u01b0\u1ee3c s\u1ef1 h\u1ed7 tr\u1ee3 c\u1ee7a kh\u00e1ch h\u00e0ng?<\/a>\n\t\t\t\t\t<\/div>\n\t\t\t\t\t<div id=\"elementor-tab-content-1484\" class=\"elementor-tab-content elementor-clearfix\" data-tab=\"4\" role=\"region\" aria-labelledby=\"elementor-tab-title-1484\"><p>Ch\u00fang t\u00f4i mong mu\u1ed1n gi\u00fap b\u1ea1n v\u1edbi y\u00eau c\u1ea7u c\u1ee7a b\u1ea1n. Ch\u00fang t\u00f4i tr\u1ea3 l\u1eddi email theo th\u1ee9 t\u1ef1 nh\u1eadn \u0111\u01b0\u1ee3c v\u00e0 s\u1ebd tr\u1ea3 l\u1eddi email c\u1ee7a b\u1ea1n nhanh nh\u1ea5t c\u00f3 th\u1ec3.<\/p><\/div>\n\t\t\t\t<\/div>\n\t\t\t\t\t\t\t<div class=\"elementor-accordion-item\">\n\t\t\t\t\t<div id=\"elementor-tab-title-1485\" class=\"elementor-tab-title\" data-tab=\"5\" role=\"button\" aria-controls=\"elementor-tab-content-1485\" aria-expanded=\"false\">\n\t\t\t\t\t\t\t\t\t\t\t\t\t<span class=\"elementor-accordion-icon elementor-accordion-icon-right\" aria-hidden=\"true\">\n\t\t\t\t\t\t\t\t\t\t\t\t\t\t\t<span class=\"elementor-accordion-icon-closed\"><i class=\"fas fa-angle-down\"><\/i><\/span>\n\t\t\t\t\t\t\t\t<span class=\"elementor-accordion-icon-opened\"><i class=\"fas fa-angle-up\"><\/i><\/span>\n\t\t\t\t\t\t\t\t\t\t\t\t\t\t<\/span>\n\t\t\t\t\t\t\t\t\t\t\t\t<a class=\"elementor-accordion-title\" tabindex=\"0\">T\u00f4i ph\u1ea3i l\u00e0m g\u00ec n\u1ebfu nh\u1eadp \u0111\u1ecba ch\u1ec9 giao h\u00e0ng kh\u00f4ng ch\u00ednh x\u00e1c?<\/a>\n\t\t\t\t\t<\/div>\n\t\t\t\t\t<div id=\"elementor-tab-content-1485\" class=\"elementor-tab-content elementor-clearfix\" data-tab=\"5\" role=\"region\" aria-labelledby=\"elementor-tab-title-1485\"><p>Vui l\u00f2ng li\u00ean h\u1ec7 v\u1edbi ch\u00fang t\u00f4i c\u00e0ng s\u1edbm c\u00e0ng t\u1ed1t v\u00e0 ch\u00fang t\u00f4i s\u1ebd gi\u00fap b\u1ea1n \u0111\u1ec3 \u0111\u1ea3m b\u1ea3o r\u1eb1ng b\u1ea1n s\u1ebd nh\u1eadn \u0111\u01b0\u1ee3c \u0111\u01a1n h\u00e0ng c\u1ee7a m\u00ecnh t\u1ea1i \u0111\u00fang \u0111\u1ecba ch\u1ec9<\/p><\/div>\n\t\t\t\t<\/div>\n\t\t\t\t\t\t\t<div class=\"elementor-accordion-item\">\n\t\t\t\t\t<div id=\"elementor-tab-title-1486\" class=\"elementor-tab-title\" data-tab=\"6\" role=\"button\" aria-controls=\"elementor-tab-content-1486\" aria-expanded=\"false\">\n\t\t\t\t\t\t\t\t\t\t\t\t\t<span class=\"elementor-accordion-icon elementor-accordion-icon-right\" aria-hidden=\"true\">\n\t\t\t\t\t\t\t\t\t\t\t\t\t\t\t<span class=\"elementor-accordion-icon-closed\"><i class=\"fas fa-angle-down\"><\/i><\/span>\n\t\t\t\t\t\t\t\t<span class=\"elementor-accordion-icon-opened\"><i class=\"fas fa-angle-up\"><\/i><\/span>\n\t\t\t\t\t\t\t\t\t\t\t\t\t\t<\/span>\n\t\t\t\t\t\t\t\t\t\t\t\t<a class=\"elementor-accordion-title\" tabindex=\"0\">b\u1ea1n \u0111\u00e3 giao t\u1edbi \u0111\u1ea5t n\u01b0\u1edbc c\u1ee7a t\u00f4i ch\u01b0a?<\/a>\n\t\t\t\t\t<\/div>\n\t\t\t\t\t<div id=\"elementor-tab-content-1486\" class=\"elementor-tab-content elementor-clearfix\" data-tab=\"6\" role=\"region\" aria-labelledby=\"elementor-tab-title-1486\">V\u00c2NG. B\u1ea5t k\u1ec3 b\u1ea1n s\u1ed1ng \u1edf \u0111\u00e2u, ch\u00fang t\u00f4i v\u1eadn chuy\u1ec3n s\u1ea3n ph\u1ea9m c\u1ee7a m\u00ecnh tr\u00ean to\u00e0n th\u1ebf gi\u1edbi.<\/div>\n\t\t\t\t<\/div>\n\t\t\t\t\t\t\t<div class=\"elementor-accordion-item\">\n\t\t\t\t\t<div id=\"elementor-tab-title-1487\" class=\"elementor-tab-title\" data-tab=\"7\" role=\"button\" aria-controls=\"elementor-tab-content-1487\" aria-expanded=\"false\">\n\t\t\t\t\t\t\t\t\t\t\t\t\t<span class=\"elementor-accordion-icon elementor-accordion-icon-right\" aria-hidden=\"true\">\n\t\t\t\t\t\t\t\t\t\t\t\t\t\t\t<span class=\"elementor-accordion-icon-closed\"><i class=\"fas fa-angle-down\"><\/i><\/span>\n\t\t\t\t\t\t\t\t<span class=\"elementor-accordion-icon-opened\"><i class=\"fas fa-angle-up\"><\/i><\/span>\n\t\t\t\t\t\t\t\t\t\t\t\t\t\t<\/span>\n\t\t\t\t\t\t\t\t\t\t\t\t<a class=\"elementor-accordion-title\" tabindex=\"0\">C\u00e1c m\u1eb7t h\u00e0ng c\u1ee7a t\u00f4i s\u1ebd c\u00f3 trong m\u1ed9t g\u00f3i ch\u1ee9?<\/a>\n\t\t\t\t\t<\/div>\n\t\t\t\t\t<div id=\"elementor-tab-content-1487\" class=\"elementor-tab-content elementor-clearfix\" data-tab=\"7\" role=\"region\" aria-labelledby=\"elementor-tab-title-1487\">N\u1ebfu b\u1ea1n \u0111\u00e3 \u0111\u1eb7t nhi\u1ec1u m\u1eb7t h\u00e0ng kh\u00e1c nhau, ch\u00fang c\u00f3 th\u1ec3 \u0111\u01b0\u1ee3c g\u1eedi ri\u00eang.<\/div>\n\t\t\t\t<\/div>\n\t\t\t\t\t\t\t\t<\/div>\n\t\t\t\t\t\t<\/div>\n\t\t\t\t<\/div>\n\t\t\t\t\t<\/div>\n\t\t<\/div>\n\t\t\t\t<div class=\"elementor-column elementor-col-50 elementor-top-column elementor-element elementor-element-4e729dc\" data-id=\"4e729dc\" data-element_type=\"column\">\n\t\t\t<div class=\"elementor-widget-wrap elementor-element-populated\">\n\t\t\t\t\t\t<div class=\"elementor-element elementor-element-99bc42d elementor-widget elementor-widget-heading\" data-id=\"99bc42d\" data-element_type=\"widget\" data-widget_type=\"heading.default\">\n\t\t\t\t<div class=\"elementor-widget-container\">\n\t\t\t\t\t<h6 class=\"elementor-heading-title elementor-size-default\">Ch\u00fang t\u00f4i \u1edf \u0111\u00e2y \u0111\u1ec3 gi\u00fap \u0111\u1ee1. Li\u00ean l\u1ea1c ch\u00fang t\u00f4i b\u1ea5t c\u1ee9 l\u00fac n\u00e0o<\/h6>\t\t\t\t<\/div>\n\t\t\t\t<\/div>\n\t\t\t\t<div class=\"elementor-element elementor-element-0b0e079 elementor-widget elementor-widget-heading\" data-id=\"0b0e079\" data-element_type=\"widget\" data-widget_type=\"heading.default\">\n\t\t\t\t<div class=\"elementor-widget-container\">\n\t\t\t\t\t<h2 class=\"elementor-heading-title elementor-size-default\"><h2 style=\"font-size: 28px;font-family: Inter;font-weight: 600\">L\u00e0m th\u1ebf n\u00e0o ch\u00fang t\u00f4i c\u00f3 th\u1ec3 gi\u00fap b\u1ea1n?<\/h2><\/h2>\t\t\t\t<\/div>\n\t\t\t\t<\/div>\n\t\t\t\t<div class=\"elementor-element elementor-element-a3ead0d elementor-align-center elementor-widget elementor-widget-button\" data-id=\"a3ead0d\" data-element_type=\"widget\" data-widget_type=\"button.default\">\n\t\t\t\t<div class=\"elementor-widget-container\">\n\t\t\t\t\t\t\t\t\t<div class=\"elementor-button-wrapper\">\n\t\t\t\t\t<a class=\"elementor-button elementor-button-link elementor-size-lg\" href=\"mailto:straykids.store@merchmailservice.com\">\n\t\t\t\t\t\t<span class=\"elementor-button-content-wrapper\">\n\t\t\t\t\t\t\t\t\t<span class=\"elementor-button-text\">H\u1ed6 TR\u1ee2 NHANH: straykids.store@merchmailservice.com<\/span>\n\t\t\t\t\t<\/span>\n\t\t\t\t\t<\/a>\n\t\t\t\t<\/div>\n\t\t\t\t\t\t\t\t<\/div>\n\t\t\t\t<\/div>\n\t\t\t\t<div class=\"elementor-element elementor-element-2c598a1 elementor-button-align-start elementor-widget elementor-widget-form\" data-id=\"2c598a1\" data-element_type=\"widget\" data-settings=\"{&quot;step_next_label&quot;:&quot;Next&quot;,&quot;step_previous_label&quot;:&quot;Previous&quot;,&quot;button_width&quot;:&quot;100&quot;,&quot;step_type&quot;:&quot;number_text&quot;,&quot;step_icon_shape&quot;:&quot;circle&quot;}\" data-widget_type=\"form.default\">\n\t\t\t\t<div class=\"elementor-widget-container\">\n\t\t\t\t\t\t\t<form class=\"elementor-form\" method=\"post\" name=\"New Form\" aria-label=\"New Form\" action=\"\">\n\t\t\t<input type=\"hidden\" name=\"post_id\" value=\"1132\"\/>\n\t\t\t<input type=\"hidden\" name=\"form_id\" value=\"2c598a1\"\/>\n\t\t\t<input type=\"hidden\" name=\"referer_title\" value=\"Contact us | Stray Kids Store\" \/>\n\n\t\t\t\t\t\t\t<input type=\"hidden\" name=\"queried_id\" value=\"1132\"\/>\n\t\t\t\n\t\t\t<div class=\"elementor-form-fields-wrapper elementor-labels-above\">\n\t\t\t\t\t\t\t\t<div class=\"elementor-field-type-text elementor-field-group elementor-column elementor-field-group-name elementor-col-100 elementor-field-required elementor-mark-required\">\n\t\t\t\t\t\t\t\t\t\t\t\t<label for=\"form-field-name\" class=\"elementor-field-label\">\n\t\t\t\t\t\t\t\tT\u00ean\t\t\t\t\t\t\t<\/label>\n\t\t\t\t\t\t\t\t\t\t\t\t\t\t<input size=\"1\" type=\"text\" name=\"form_fields[name]\" id=\"form-field-name\" class=\"elementor-field elementor-size-sm  elementor-field-textual\" placeholder=\"T\u00ean\" required=\"required\">\n\t\t\t\t\t\t\t\t\t\t\t<\/div>\n\t\t\t\t\t\t\t\t<div class=\"elementor-field-type-email elementor-field-group elementor-column elementor-field-group-email elementor-col-100 elementor-field-required elementor-mark-required\">\n\t\t\t\t\t\t\t\t\t\t\t\t<label for=\"form-field-email\" class=\"elementor-field-label\">\n\t\t\t\t\t\t\t\tE-mail\t\t\t\t\t\t\t<\/label>\n\t\t\t\t\t\t\t\t\t\t\t\t\t\t<input size=\"1\" type=\"email\" name=\"form_fields[email]\" id=\"form-field-email\" class=\"elementor-field elementor-size-sm  elementor-field-textual\" placeholder=\"E-mail\" required=\"required\">\n\t\t\t\t\t\t\t\t\t\t\t<\/div>\n\t\t\t\t\t\t\t\t<div class=\"elementor-field-type-radio elementor-field-group elementor-column elementor-field-group-message elementor-col-100 elementor-field-required elementor-mark-required\">\n\t\t\t\t\t\t\t\t\t\t\t\t<label for=\"form-field-message\" class=\"elementor-field-label\">\n\t\t\t\t\t\t\t\tL\u00fd do li\u00ean h\u1ec7\t\t\t\t\t\t\t<\/label>\n\t\t\t\t\t\t<div class=\"elementor-field-subgroup\"><span class=\"elementor-field-option\"><input type=\"radio\" value=\"Order Inquiry\" id=\"form-field-message-0\" name=\"form_fields[message]\" required=\"required\"> <label for=\"form-field-message-0\">Y\u00eau c\u1ea7u \u0111\u1eb7t h\u00e0ng<\/label><\/span><span class=\"elementor-field-option\"><input type=\"radio\" value=\"Order Cancellation\" id=\"form-field-message-1\" name=\"form_fields[message]\" required=\"required\"> <label for=\"form-field-message-1\">H\u1ee7y \u0111\u01a1n h\u00e0ng<\/label><\/span><span class=\"elementor-field-option\"><input type=\"radio\" value=\"Other\" id=\"form-field-message-2\" name=\"form_fields[message]\" required=\"required\"> <label for=\"form-field-message-2\">Kh\u00e1c<\/label><\/span><\/div>\t\t\t\t<\/div>\n\t\t\t\t\t\t\t\t<div class=\"elementor-field-type-text elementor-field-group elementor-column elementor-field-group-field_a302a25 elementor-col-50\">\n\t\t\t\t\t\t\t\t\t\t\t\t<label for=\"form-field-field_a302a25\" class=\"elementor-field-label\">\n\t\t\t\t\t\t\t\tS\u1ed1 l\u01b0\u1ee3ng \u0111\u1eb7t h\u00e0ng c\u1ee7a b\u1ea1n\t\t\t\t\t\t\t<\/label>\n\t\t\t\t\t\t\t\t\t\t\t\t\t\t<input size=\"1\" type=\"text\" name=\"form_fields[field_a302a25]\" id=\"form-field-field_a302a25\" class=\"elementor-field elementor-size-sm  elementor-field-textual\">\n\t\t\t\t\t\t\t\t\t\t\t<\/div>\n\t\t\t\t\t\t\t\t<div class=\"elementor-field-type-textarea elementor-field-group elementor-column elementor-field-group-field_dc4fcf6 elementor-col-100 elementor-field-required elementor-mark-required\">\n\t\t\t\t\t\t\t\t\t\t\t\t<label for=\"form-field-field_dc4fcf6\" class=\"elementor-field-label\">\n\t\t\t\t\t\t\t\tNh\u1eadn x\u00e9t ho\u1eb7c tin nh\u1eafn\t\t\t\t\t\t\t<\/label>\n\t\t\t\t\t\t<textarea class=\"elementor-field-textual elementor-field  elementor-size-sm\" name=\"form_fields[field_dc4fcf6]\" id=\"form-field-field_dc4fcf6\" rows=\"4\" required=\"required\"><\/textarea>\t\t\t\t<\/div>\n\t\t\t\t\t\t\t\t<div class=\"elementor-field-type-recaptcha_v3 elementor-field-group elementor-column elementor-field-group-field_717b3d8 elementor-col-100 recaptcha_v3-bottomright\">\n\t\t\t\t\t<div class=\"elementor-field\" id=\"form-field-field_717b3d8\"><div class=\"elementor-g-recaptcha\" data-sitekey=\"6LeAc-IbAAAAAFH8sie8U-a1Yj_ol41HDaSDD_73\" data-type=\"v3\" data-action=\"Form\" data-badge=\"bottomright\" data-size=\"invisible\"><\/div><\/div>\t\t\t\t<\/div>\n\t\t\t\t\t\t\t\t<div class=\"elementor-field-group elementor-column elementor-field-type-submit elementor-col-100 e-form__buttons\">\n\t\t\t\t\t<button class=\"elementor-button elementor-size-md\" type=\"submit\">\n\t\t\t\t\t\t<span class=\"elementor-button-content-wrapper\">\n\t\t\t\t\t\t\t\t\t\t\t\t\t\t\t\t\t\t\t\t\t\t<span class=\"elementor-button-text\">N\u1ed9p<\/span>\n\t\t\t\t\t\t\t\t\t\t\t\t\t<\/span>\n\t\t\t\t\t<\/button>\n\t\t\t\t<\/div>\n\t\t\t<\/div>\n\t\t<input type=\"hidden\" name=\"trp-form-language\" value=\"vi\"\/><\/form>\n\t\t\t\t\t\t<\/div>\n\t\t\t\t<\/div>\n\t\t\t\t\t<\/div>\n\t\t<\/div>\n\t\t\t\t\t<\/div>\n\t\t<\/section>\n\t\t\t\t<\/div>","protected":false},"excerpt":{"rendered":"<p>C\u00e1c c\u00e2u h\u1ecfi ph\u1ed5 bi\u1ebfn \u0111\u00e3 tr\u1ea3 l\u1eddi C\u00e2u h\u1ecfi th\u01b0\u1eddng g\u1eb7p M\u1ea5t bao l\u00e2u \u0111\u1ec3 t\u00f4i nh\u1eadn \u0111\u01b0\u1ee3c \u0111\u01a1n h\u00e0ng c\u1ee7a m\u00ecnh? TH\u1edcI GIAN GIA C\u00d4NG Ch\u00fang t\u00f4i l\u00e0 c\u00f4ng ty in theo y\u00eau c\u1ea7u n\u00ean vui l\u00f2ng ch\u1edd th\u1eddi gian x\u1eed l\u00fd t\u1eeb 3 \u0111\u1ebfn 5 ng\u00e0y l\u00e0m vi\u1ec7c t\u00f9y thu\u1ed9c v\u00e0o lo\u1ea1i s\u1ea3n ph\u1ea9m v\u00e0 s\u1ed1 l\u01b0\u1ee3ng hi\u1ec7n t\u1ea1i c\u1ee7a ch\u00fang t\u00f4i tr\u01b0\u1edbc khi \u0111\u01a1n h\u00e0ng c\u1ee7a b\u1ea1n \u0111\u01b0\u1ee3c giao. Ph\u1ea3i m\u1ea5t th\u1eddi gian cho nh\u1eefng con c\u1eebu microfiber-polyester c\u1ee7a ch\u00fang t\u00f4i [\u2026]<\/p>","protected":false},"author":1,"featured_media":0,"parent":0,"menu_order":0,"comment_status":"closed","ping_status":"closed","template":"template-fullwidth-no-heading.php","meta":{"_acf_changed":false,"footnotes":""},"class_list":null,"acf":[],"_links":{"self":[{"href":"https:\/\/straykids.store\/vi\/wp-json\/wp\/v2\/pages\/1132","targetHints":{"allow":["GET"]}}],"collection":[{"href":"https:\/\/straykids.store\/vi\/wp-json\/wp\/v2\/pages"}],"about":[{"href":"https:\/\/straykids.store\/vi\/wp-json\/wp\/v2\/types\/page"}],"author":[{"embeddable":true,"href":"https:\/\/straykids.store\/vi\/wp-json\/wp\/v2\/users\/1"}],"replies":[{"embeddable":true,"href":"https:\/\/straykids.store\/vi\/wp-json\/wp\/v2\/comments?post=1132"}],"version-history":[{"count":0,"href":"https:\/\/straykids.store\/vi\/wp-json\/wp\/v2\/pages\/1132\/revisions"}],"wp:attachment":[{"href":"https:\/\/straykids.store\/vi\/wp-json\/wp\/v2\/media?parent=1132"}],"curies":[{"name":"wp","href":"https:\/\/api.w.org\/{rel}","templated":true}]}}